{"id":3,"date":"2023-05-04T16:19:18","date_gmt":"2023-05-04T08:19:18","guid":{"rendered":"https:\/\/www.grind-into-powder.com\/?page_id=3"},"modified":"2023-06-20T10:30:54","modified_gmt":"2023-06-20T02:30:54","slug":"privacy-policy","status":"publish","type":"page","link":"https:\/\/www.grind-into-powder.com\/es\/privacy-policy\/","title":{"rendered":"Pol\u00edtica de privacidad"},"content":{"rendered":"<div data-elementor-type=\"wp-page\" data-elementor-id=\"3\" class=\"elementor elementor-3\" data-elementor-post-type=\"page\">\n\t\t\t\t\t\t\t\t\t<section class=\"elementor-section elementor-top-section elementor-element elementor-element-3ffce5a7 elementor-section-boxed elementor-section-height-default elementor-section-height-default\" data-id=\"3ffce5a7\" data-element_type=\"section\">\n\t\t\t\t\t\t<div class=\"elementor-container elementor-column-gap-default\">\n\t\t\t\t\t<div class=\"elementor-column elementor-col-100 elementor-top-column elementor-element elementor-element-5f8c55b6\" data-id=\"5f8c55b6\" data-element_type=\"column\">\n\t\t\t<div class=\"elementor-widget-wrap elementor-element-populated\">\n\t\t\t\t\t\t\t\t<div class=\"elementor-element elementor-element-21172fd7 elementor-widget elementor-widget-text-editor\" data-id=\"21172fd7\" data-element_type=\"widget\" data-widget_type=\"text-editor.default\">\n\t\t\t\t<div class=\"elementor-widget-container\">\n\t\t\t<style>\/*! elementor - v3.17.0 - 25-10-2023 *\/\n.elementor-widget-text-editor.elementor-drop-cap-view-stacked .elementor-drop-cap{background-color:#69727d;color:#fff}.elementor-widget-text-editor.elementor-drop-cap-view-framed .elementor-drop-cap{color:#69727d;border:3px solid;background-color:transparent}.elementor-widget-text-editor:not(.elementor-drop-cap-view-default) .elementor-drop-cap{margin-top:8px}.elementor-widget-text-editor:not(.elementor-drop-cap-view-default) .elementor-drop-cap-letter{width:1em;height:1em}.elementor-widget-text-editor .elementor-drop-cap{float:left;text-align:center;line-height:1;font-size:50px}.elementor-widget-text-editor .elementor-drop-cap-letter{display:inline-block}<\/style>\t\t\t\t<div class=\"post-title-wrapper\">\n<h1 class=\"post-title\">Pol\u00edtica de privacidad<\/h1>\n<\/div>\n<div class=\"article-body\">\n<p>Esta Aplicaci\u00f3n recoge algunos Datos Personales de sus Usuarios.<\/p>\n<h2>Tipos de datos recogidos<\/h2>\n<p>Entre los tipos de Datos Personales que esta Aplicaci\u00f3n recoge, por s\u00ed misma o a trav\u00e9s de terceros, se encuentran: nombre, apellidos, direcci\u00f3n de correo electr\u00f3nico, nombre de usuario, varios tipos de Datos, Cookies y Datos de Uso. Los detalles completos sobre cada tipo de Datos Personales recopilados se proporcionan en las secciones dedicadas de esta pol\u00edtica de privacidad o mediante textos explicativos espec\u00edficos mostrados antes de la recopilaci\u00f3n de Datos.<br \/>Los Datos Personales pueden ser proporcionados libremente por el Usuario o, en el caso de los Datos de Uso, recopilados autom\u00e1ticamente al utilizar esta Aplicaci\u00f3n.<br \/>A menos que se especifique lo contrario, todos los Datos solicitados por esta Aplicaci\u00f3n son obligatorios y el hecho de no proporcionarlos puede imposibilitar que esta Aplicaci\u00f3n preste sus servicios. En los casos en que esta Aplicaci\u00f3n indique espec\u00edficamente que algunos Datos no son obligatorios, los Usuarios son libres de no comunicar estos Datos sin consecuencias para la disponibilidad o el funcionamiento del Servicio.<br \/>Los usuarios que no est\u00e9n seguros de qu\u00e9 Datos Personales son obligatorios pueden ponerse en contacto con el Propietario.<br \/>Cualquier uso de Cookies -o de otras herramientas de rastreo- por parte de esta Aplicaci\u00f3n o de los propietarios de servicios de terceros utilizados por esta Aplicaci\u00f3n sirve al prop\u00f3sito de prestar el Servicio requerido por el Usuario, adem\u00e1s de cualquier otro prop\u00f3sito descrito en el presente documento y en la Pol\u00edtica de Cookies, si est\u00e1 disponible. Los Usuarios son responsables de cualquier Dato Personal de terceros obtenido, publicado o compartido a trav\u00e9s de esta Aplicaci\u00f3n y confirman que tienen el consentimiento del tercero para proporcionar los Datos al Propietario.<\/p>\n<h2>Modo y lugar de tratamiento de los datos<\/h2>\n<h3>M\u00e9todos de tratamiento<\/h3>\n<p>El Propietario toma las medidas de seguridad adecuadas para evitar el acceso no autorizado, la divulgaci\u00f3n, modificaci\u00f3n o destrucci\u00f3n no autorizada de los Datos.<br \/>El tratamiento de los Datos se lleva a cabo utilizando ordenadores y\/o herramientas inform\u00e1ticas, siguiendo procedimientos y modos organizativos estrictamente relacionados con los fines indicados. Adem\u00e1s del Propietario, en algunos casos, los Datos pueden ser accesibles a ciertos tipos de personas a cargo, involucradas con la operaci\u00f3n de esta Aplicaci\u00f3n (administraci\u00f3n, ventas, marketing, legal, administraci\u00f3n del sistema) o partes externas (tales como proveedores de servicios t\u00e9cnicos de terceros, portadores de correo, proveedores de alojamiento, compa\u00f1\u00edas de TI, agencias de comunicaciones) designados, si es necesario, como Procesadores de Datos por el Propietario. La lista actualizada de estas partes puede solicitarse al Propietario en cualquier momento.<\/p>\n<h3>Base jur\u00eddica del tratamiento<\/h3>\n<p>El Propietario puede procesar Datos Personales relativos a los Usuarios si se da una de las siguientes circunstancias: Los Usuarios han dado su consentimiento para uno o m\u00e1s fines espec\u00edficos. Nota: En virtud de algunas legislaciones, el Propietario puede estar autorizado a tratar Datos Personales hasta que el Usuario se oponga a dicho tratamiento (\"opt-out\"), sin tener que basarse en el consentimiento o en cualquier otra de las siguientes bases jur\u00eddicas. Sin embargo, esto no se aplica cuando el tratamiento de Datos Personales est\u00e1 sujeto a la legislaci\u00f3n europea de protecci\u00f3n de datos; el suministro de Datos es necesario para la ejecuci\u00f3n de un acuerdo con el Usuario y\/o para cualquier obligaci\u00f3n precontractual del mismo; el tratamiento es necesario para el cumplimiento de una obligaci\u00f3n legal a la que est\u00e1 sujeto el Propietario; el tratamiento est\u00e1 relacionado con una tarea que se lleva a cabo en inter\u00e9s p\u00fablico o en el ejercicio de la autoridad oficial conferida al Propietario; el tratamiento es necesario para los fines de los intereses leg\u00edtimos perseguidos por el Propietario o por un tercero. En cualquier caso, el Propietario estar\u00e1 encantado de ayudar a aclarar la base jur\u00eddica espec\u00edfica que se aplica al tratamiento y, en particular, si el suministro de Datos Personales es un requisito legal o contractual, o un requisito necesario para celebrar un contrato.<\/p>\n<h3>Lugar<\/h3>\n<p>Los Datos se procesan en las oficinas operativas del Propietario y en cualquier otro lugar donde se encuentren las partes implicadas en el procesamiento.<\/p>\n<p>Dependiendo de la ubicaci\u00f3n del Usuario, las transferencias de datos pueden implicar la transferencia de los Datos del Usuario a un pa\u00eds distinto del suyo. Para obtener m\u00e1s informaci\u00f3n sobre el lugar de tratamiento de dichos Datos transferidos, los Usuarios pueden consultar la secci\u00f3n que contiene detalles sobre el tratamiento de Datos Personales. Los Usuarios tambi\u00e9n tienen derecho a informarse sobre la base jur\u00eddica de las transferencias de Datos a un pa\u00eds no perteneciente a la Uni\u00f3n Europea o a cualquier organizaci\u00f3n internacional regida por el derecho internacional p\u00fablico o creada por dos o m\u00e1s pa\u00edses, como la ONU, y sobre las medidas de seguridad adoptadas por el Propietario para salvaguardar sus Datos.<\/p>\n<p>En caso de que se produzca dicha transferencia, los Usuarios pueden obtener m\u00e1s informaci\u00f3n consultando las secciones pertinentes de este documento o inform\u00e1ndose con el Propietario utilizando la informaci\u00f3n proporcionada en la secci\u00f3n de contacto.<\/p>\n<h3>Tiempo de retenci\u00f3n<\/h3>\n<p>Los Datos Personales ser\u00e1n tratados y conservados durante el tiempo que requiera la finalidad para la que han sido recogidos. Por lo tanto: Los Datos Personales recogidos con fines relacionados con la ejecuci\u00f3n de un contrato entre el Propietario y el Usuario se conservar\u00e1n hasta que dicho contrato se haya ejecutado en su totalidad. Los Datos Personales recogidos para fines relacionados con los intereses leg\u00edtimos del Propietario se conservar\u00e1n durante el tiempo necesario para cumplir dichos fines. Los usuarios pueden encontrar informaci\u00f3n espec\u00edfica sobre los intereses leg\u00edtimos perseguidos por el Propietario en las secciones pertinentes de este documento o poni\u00e9ndose en contacto con el Propietario. El Propietario podr\u00e1 conservar los Datos Personales durante un per\u00edodo m\u00e1s largo siempre que el Usuario haya dado su consentimiento a dicho tratamiento, mientras no se retire dicho consentimiento. Adem\u00e1s, el Propietario podr\u00e1 estar obligado a conservar los Datos Personales durante un per\u00edodo m\u00e1s largo siempre que as\u00ed se requiera para el cumplimiento de una obligaci\u00f3n legal o por orden de una autoridad.<\/p>\n<p>Una vez que expire el periodo de conservaci\u00f3n, los Datos Personales se suprimir\u00e1n. Por lo tanto, el derecho de acceso, el derecho de supresi\u00f3n, el derecho de rectificaci\u00f3n y el derecho a la portabilidad de los datos no podr\u00e1n hacerse valer una vez expirado el periodo de conservaci\u00f3n.<\/p>\n<h2>Fines del tratamiento<\/h2>\n<p>Los Datos relativos al Usuario se recogen para permitir al Propietario prestar sus Servicios, as\u00ed como para los siguientes fines: Gesti\u00f3n de solicitudes de soporte y contacto, Contacto con el Usuario, Registro y autenticaci\u00f3n, Optimizaci\u00f3n y distribuci\u00f3n del tr\u00e1fico, Visualizaci\u00f3n de contenidos de plataformas externas, Anal\u00edtica y Gesti\u00f3n de contactos y env\u00edo de mensajes. Los Usuarios pueden encontrar informaci\u00f3n m\u00e1s detallada sobre dichas finalidades de tratamiento y sobre los Datos Personales espec\u00edficos utilizados para cada finalidad en las secciones respectivas de este documento.<\/p>\n<h2>Informaci\u00f3n detallada sobre el tratamiento de datos personales<\/h2>\n<p>Los datos personales se recogen para los siguientes fines y utilizando los siguientes servicios:<\/p>\n<h3>Anal\u00edtica<\/h3>\n<p>Los servicios contenidos en esta secci\u00f3n permiten al Propietario supervisar y analizar el tr\u00e1fico web y pueden utilizarse para realizar un seguimiento del comportamiento de los Usuarios.<\/p>\n<h4>Google Analytics (Google Inc.)<\/h4>\n<p>Google Analytics es un servicio de an\u00e1lisis web prestado por Google Inc. (\"Google\"). Google utiliza los Datos recopilados para rastrear y examinar el uso de esta Aplicaci\u00f3n, elaborar informes sobre sus actividades y compartirlos con otros servicios de Google.<br \/>Google podr\u00e1 utilizar los Datos recogidos para contextualizar y personalizar los anuncios de su propia red publicitaria. Datos personales recogidos: Cookies y Datos de Uso. Lugar de tratamiento: EE.UU.\u00a0<a href=\"https:\/\/www.google.com\/intl\/en\/policies\/privacy\/\" target=\"_blank\" rel=\"noopener noreferrer\">Pol\u00edtica de privacidad<\/a>\u00a0-\u00a0<a href=\"https:\/\/tools.google.com\/dlpage\/gaoptout?hl=en\" target=\"_blank\" rel=\"noopener\">Exclusi\u00f3n voluntaria<\/a>.<\/p>\n<h3>Contactar con el usuario<\/h3>\n<h4>Formulario de contacto<\/h4>\n<p>Al rellenar el formulario de contacto con sus Datos, el Usuario autoriza a esta Aplicaci\u00f3n a utilizar dichos datos para responder a las solicitudes de informaci\u00f3n, presupuestos o cualquier otro tipo de petici\u00f3n que se indique en la cabecera del formulario. Datos personales recogidos: direcci\u00f3n de correo electr\u00f3nico, nombre y apellidos.<\/p>\n<h4>Lista de correo o bolet\u00edn<\/h4>\n<p>Al inscribirse en la lista de correo o en el bolet\u00edn de noticias, la direcci\u00f3n de correo electr\u00f3nico del Usuario se a\u00f1adir\u00e1 a la lista de contactos que pueden recibir mensajes de correo electr\u00f3nico con informaci\u00f3n de car\u00e1cter comercial o promocional relativa a esta Aplicaci\u00f3n. Su direcci\u00f3n de correo electr\u00f3nico tambi\u00e9n podr\u00eda a\u00f1adirse a esta lista como resultado de registrarse en esta Aplicaci\u00f3n o tras realizar una compra. Datos personales recogidos: direcci\u00f3n de correo electr\u00f3nico.<\/p>\n<h3>Mostrar contenidos de plataformas externas<\/h3>\n<p>Este tipo de servicio le permite ver contenidos alojados en plataformas externas directamente desde las p\u00e1ginas de esta Aplicaci\u00f3n e interactuar con ellos.<br \/>Este tipo de servicio puede seguir recopilando datos de tr\u00e1fico web de las p\u00e1ginas en las que est\u00e1 instalado, incluso cuando los usuarios no lo utilizan.<\/p>\n<h3>Gesti\u00f3n de contactos y env\u00edo de mensajes<\/h3>\n<p>Este tipo de servicio permite gestionar una base de datos de contactos de correo electr\u00f3nico, contactos telef\u00f3nicos o cualquier otra informaci\u00f3n de contacto para comunicarse con el Usuario.<br \/>Estos servicios tambi\u00e9n pueden recoger datos relativos a la fecha y hora en que el usuario vio el mensaje, as\u00ed como cuando interactu\u00f3 con \u00e9l, por ejemplo, haciendo clic en los enlaces incluidos en el mensaje.<\/p>\n<h3>Gesti\u00f3n de las solicitudes de asistencia y contacto<\/h3>\n<p>Este tipo de servicio permite a esta Aplicaci\u00f3n gestionar las solicitudes de soporte y contacto recibidas por correo electr\u00f3nico o por otros medios, como el formulario de contacto.<br \/>Los Datos Personales tratados dependen de la informaci\u00f3n facilitada por el Usuario en los mensajes y del medio utilizado para la comunicaci\u00f3n (por ejemplo, direcci\u00f3n de correo electr\u00f3nico).<\/p>\n<h4>Registro directo (esta solicitud)<\/h4>\n<p>El Usuario se registra rellenando el formulario de registro y proporcionando los Datos Personales directamente a esta Aplicaci\u00f3n. Datos Personales recogidos: direcci\u00f3n de correo electr\u00f3nico, nombre de usuario y diversos tipos de Datos.<\/p>\n<h3>Optimizaci\u00f3n y distribuci\u00f3n del tr\u00e1fico<\/h3>\n<p>Este tipo de servicio permite a esta Aplicaci\u00f3n distribuir sus contenidos utilizando servidores ubicados en diferentes pa\u00edses y optimizar su rendimiento.<br \/>Los Datos Personales que se tratan dependen de las caracter\u00edsticas y de la forma en que se implementan estos servicios. Su funci\u00f3n es filtrar las comunicaciones entre esta Aplicaci\u00f3n y el navegador del Usuario.<br \/>Teniendo en cuenta la amplia distribuci\u00f3n de este sistema, es dif\u00edcil determinar los lugares a los que se transfieren los contenidos que puedan contener Informaci\u00f3n Personal del Usuario.<\/p>\n<h2>M\u00e1s informaci\u00f3n sobre datos personales<\/h2>\n<h2>Derechos de los usuarios<\/h2>\n<p>Los Usuarios pueden ejercer ciertos derechos en relaci\u00f3n con sus Datos procesados por el Propietario. En particular, los Usuarios tienen derecho a hacer lo siguiente:\u00a0<strong>Retirar su consentimiento en cualquier momento.<\/strong>\u00a0Los usuarios tienen derecho a retirar su consentimiento cuando lo hayan dado previamente para el tratamiento de sus Datos Personales.\u00a0<strong>Oponerse al tratamiento de sus Datos.<\/strong>\u00a0Los usuarios tienen derecho a oponerse al tratamiento de sus datos si \u00e9ste se lleva a cabo sobre una base jur\u00eddica distinta del consentimiento. Encontrar\u00e1 m\u00e1s informaci\u00f3n al respecto en la secci\u00f3n correspondiente.\u00a0<strong>Acceda a sus datos.<\/strong>\u00a0Los usuarios tienen derecho a saber si los datos est\u00e1n siendo procesados por el Propietario, a obtener informaci\u00f3n sobre determinados aspectos del procesamiento y a obtener una copia de los datos que est\u00e1n siendo procesados.\u00a0<strong>Verifique y busque rectificaciones.<\/strong>\u00a0Los usuarios tienen derecho a verificar la exactitud de sus datos y a solicitar su actualizaci\u00f3n o correcci\u00f3n.\u00a0<strong>Restringir el tratamiento de sus Datos.<\/strong>\u00a0Los usuarios tienen derecho, en determinadas circunstancias, a restringir el tratamiento de sus Datos. En este caso, el Propietario no tratar\u00e1 sus Datos para ning\u00fan otro fin que no sea su almacenamiento.\u00a0<strong>Que sus Datos Personales sean borrados o eliminados de cualquier otra forma.<\/strong>\u00a0Los usuarios tienen derecho, en determinadas circunstancias, a obtener del Propietario la supresi\u00f3n de sus Datos.\u00a0<strong>Recibir sus Datos y transferirlos a otro controlador.<\/strong>\u00a0Los usuarios tienen derecho a recibir sus datos en un formato estructurado, de uso com\u00fan y lectura mec\u00e1nica y, si es t\u00e9cnicamente posible, a que se transmitan a otro responsable del tratamiento sin ning\u00fan impedimento. Esta disposici\u00f3n es aplicable siempre que los Datos se traten por medios automatizados y que el tratamiento se base en el consentimiento del Usuario, en un contrato del que el Usuario forme parte o en obligaciones precontractuales del mismo.\u00a0<strong>Presente una denuncia.<\/strong>\u00a0Los usuarios tienen derecho a presentar una reclamaci\u00f3n ante la autoridad competente en materia de protecci\u00f3n de datos.<\/p>\n<h3>Detalles sobre el derecho a oponerse al tratamiento<\/h3>\n<p>Cuando los Datos Personales se traten por motivos de inter\u00e9s p\u00fablico, en el ejercicio de una autoridad oficial conferida al Propietario o a efectos de los intereses leg\u00edtimos perseguidos por el Propietario, los Usuarios podr\u00e1n oponerse a dicho tratamiento alegando un motivo relacionado con su situaci\u00f3n particular que justifique la oposici\u00f3n. Los Usuarios deben saber que, no obstante, en caso de que sus Datos Personales sean tratados con fines de marketing directo, podr\u00e1n oponerse a dicho tratamiento en cualquier momento sin necesidad de aportar justificaci\u00f3n alguna. Para saber si el Propietario est\u00e1 tratando Datos Personales con fines de marketing directo, los Usuarios pueden consultar las secciones pertinentes de este documento.<\/p>\n<h3>C\u00f3mo ejercer estos derechos<\/h3>\n<p>Cualquier solicitud de ejercicio de los derechos del Usuario puede dirigirse al Propietario a trav\u00e9s de los datos de contacto facilitados en este documento. Estas solicitudes pueden ejercerse de forma gratuita y ser\u00e1n atendidas por el Propietario lo antes posible y siempre en el plazo de un mes.<\/p>\n<h2>Pol\u00edtica de cookies<\/h2>\n<p>Esta Aplicaci\u00f3n utiliza Cookies.<\/p>\n<h2>Informaci\u00f3n adicional sobre recogida y tratamiento de datos<\/h2>\n<h3>Acciones legales<\/h3>\n<p>Los Datos Personales del Usuario podr\u00e1n ser utilizados con fines legales por el Propietario ante los Tribunales o en las fases conducentes a posibles acciones legales derivadas del uso indebido de esta Aplicaci\u00f3n o de los Servicios relacionados.<br \/>El Usuario declara ser consciente de que el Propietario puede verse obligado a revelar datos personales a petici\u00f3n de las autoridades p\u00fablicas.<\/p>\n<h3>Informaci\u00f3n adicional sobre los datos personales del usuario<\/h3>\n<p>Adem\u00e1s de la informaci\u00f3n contenida en esta pol\u00edtica de privacidad, esta Aplicaci\u00f3n puede proporcionar al Usuario informaci\u00f3n adicional y contextual relativa a Servicios concretos o a la recogida y tratamiento de Datos Personales previa solicitud.<\/p>\n<h3>Registros y mantenimiento del sistema<\/h3>\n<p>A efectos de funcionamiento y mantenimiento, esta Aplicaci\u00f3n y cualquier servicio de terceros pueden recopilar archivos que registren la interacci\u00f3n con esta Aplicaci\u00f3n (registros del Sistema) y utilizar otros Datos Personales (como la Direcci\u00f3n IP) para este fin.<\/p>\n<h3>Informaci\u00f3n no incluida en esta pol\u00edtica<\/h3>\n<p>En cualquier momento puede solicitar al Propietario m\u00e1s detalles sobre la recogida o el tratamiento de Datos Personales. Consulte la informaci\u00f3n de contacto que figura al principio de este documento.<\/p>\n<h3>C\u00f3mo se gestionan las solicitudes \"Do Not Track<\/h3>\n<p>Esta Aplicaci\u00f3n no admite solicitudes \"Do Not Track\".<br \/>Para determinar si alguno de los servicios de terceros que utiliza respeta las solicitudes de \"No rastrear\", lea sus pol\u00edticas de privacidad.<\/p>\n<h3>Cambios en esta pol\u00edtica de privacidad<\/h3>\n<p>El Propietario se reserva el derecho a realizar cambios en esta pol\u00edtica de privacidad en cualquier momento, avisando a sus Usuarios en esta p\u00e1gina y posiblemente dentro de esta Aplicaci\u00f3n y\/o -en la medida en que sea t\u00e9cnica y legalmente factible- enviando un aviso a los Usuarios a trav\u00e9s de cualquier informaci\u00f3n de contacto de la que disponga el Propietario. Se recomienda encarecidamente consultar esta p\u00e1gina con frecuencia, haciendo referencia a la fecha de la \u00faltima modificaci\u00f3n que figura en la parte inferior. Si un Usuario se opone a alguna de las modificaciones de la Pol\u00edtica, deber\u00e1 dejar de utilizar esta Aplicaci\u00f3n y podr\u00e1 solicitar al Propietario que elimine los Datos Personales. A menos que se indique lo contrario, la pol\u00edtica de privacidad vigente en ese momento se aplica a todos los Datos Personales que el Propietario tenga sobre los Usuarios.<\/p>\n<h3>Definiciones y referencias jur\u00eddicas<\/h3>\n<h4>Datos personales<\/h4>\n<p>Cualquier informaci\u00f3n que directa o indirectamente, o en conexi\u00f3n con otra informaci\u00f3n -incluido un n\u00famero de identificaci\u00f3n personal- permita identificar o identificar a una persona f\u00edsica.<\/p>\n<h4>Datos de uso<\/h4>\n<p>Informaci\u00f3n recogida autom\u00e1ticamente a trav\u00e9s de esta Aplicaci\u00f3n (o servicios de terceros empleados en esta Aplicaci\u00f3n), que puede incluir: las direcciones IP o nombres de dominio de los ordenadores utilizados por los Usuarios que utilizan esta Aplicaci\u00f3n, las direcciones URI (Uniform Resource Identifier), la hora de la solicitud, el m\u00e9todo utilizado para enviar la solicitud al servidor, el tama\u00f1o del archivo recibido como respuesta, el c\u00f3digo num\u00e9rico que indica el estado de la respuesta del servidor (resultado satisfactorio, error, etc.), el pa\u00eds de origen, las caracter\u00edsticas del navegador y el sistema operativo utilizados por el usuario, los distintos datos de tiempo por visita (por ejemplo, el tiempo empleado en cada p\u00e1gina de la Aplicaci\u00f3n) y los detalles sobre la ruta seguida dentro de la Aplicaci\u00f3n, con especial referencia a la secuencia de p\u00e1ginas visitadas, y otros par\u00e1metros sobre el sistema operativo del dispositivo y\/o el entorno inform\u00e1tico del Usuario.<\/p>\n<h4>Usuario<\/h4>\n<p>La persona f\u00edsica usuaria de esta Aplicaci\u00f3n que, salvo que se especifique lo contrario, coincide con el Titular de los datos.<\/p>\n<h4>Sujeto de los datos<\/h4>\n<p>La persona f\u00edsica a la que se refieren los Datos Personales.<\/p>\n<h4>Procesador de datos (o Supervisor de datos)<\/h4>\n<p>La persona f\u00edsica o jur\u00eddica, autoridad p\u00fablica, agencia u otro organismo que procesa Datos Personales en nombre del Responsable del Tratamiento, tal y como se describe en esta pol\u00edtica de privacidad.<\/p>\n<h4>Responsable (o propietario) de los datos<\/h4>\n<p>La persona f\u00edsica o jur\u00eddica, autoridad p\u00fablica, agencia u otro organismo que, solo o conjuntamente con otros, determina los fines y medios del tratamiento de Datos Personales, incluidas las medidas de seguridad relativas al funcionamiento y uso de esta Aplicaci\u00f3n. El Responsable del Tratamiento, salvo que se especifique lo contrario, es el Propietario de esta Aplicaci\u00f3n.<\/p>\n<h4>Esta aplicaci\u00f3n<\/h4>\n<p>Los medios por los que se recogen y tratan los Datos Personales del Usuario.<\/p>\n<h4>Servicio<\/h4>\n<p>El servicio prestado por esta Aplicaci\u00f3n tal y como se describe en las condiciones relativas (si est\u00e1n disponibles) y en este sitio\/aplicaci\u00f3n.<\/p>\n<h4>Uni\u00f3n Europea (o UE)<\/h4>\n<p>Salvo que se especifique lo contrario, todas las referencias que se hacen en este documento a la Uni\u00f3n Europea incluyen a todos los actuales Estados miembros de la Uni\u00f3n Europea y del Espacio Econ\u00f3mico Europeo.<\/p>\n<h4>Cookies<\/h4>\n<p>Peque\u00f1os conjuntos de datos almacenados en el dispositivo del usuario.<\/p>\n<h4>Informaci\u00f3n jur\u00eddica<\/h4>\n<p>Esta declaraci\u00f3n de privacidad se ha elaborado sobre la base de las disposiciones de m\u00faltiples legislaciones, incluido el art. 13\/14 del Reglamento (UE) 2016\/679 (Reglamento general de protecci\u00f3n de datos). Esta pol\u00edtica de privacidad se refiere \u00fanicamente a esta Aplicaci\u00f3n, si no se indica lo contrario en este documento.<\/p>\n<p>\u00daltima actualizaci\u00f3n: 9 de mayo de 2018<\/p>\n<\/div>\t\t\t\t\t\t<\/div>\n\t\t\t\t<\/div>\n\t\t\t\t\t<\/div>\n\t\t<\/div>\n\t\t\t\t\t\t\t<\/div>\n\t\t<\/section>\n\t\t\t\t\t\t\t<\/div>","protected":false},"excerpt":{"rendered":"<p>Pol\u00edtica de Privacidad Esta Aplicaci\u00f3n recoge algunos Datos Personales de sus Usuarios. Tipos de Datos recogidos Entre los tipos de Datos Personales que esta Aplicaci\u00f3n recoge, por s\u00ed misma o a trav\u00e9s de terceros, se encuentran: nombre, apellidos, direcci\u00f3n de correo electr\u00f3nico, nombre de usuario, diversos tipos de Datos, Cookies y Datos de Uso. Detalles completos sobre cada tipo de Datos Personales [...]<\/p>","protected":false},"author":1,"featured_media":0,"parent":0,"menu_order":0,"comment_status":"closed","ping_status":"open","template":"","meta":{"footnotes":""},"class_list":["post-3","page","type-page","status-publish","hentry"],"_links":{"self":[{"href":"https:\/\/www.grind-into-powder.com\/es\/wp-json\/wp\/v2\/pages\/3","targetHints":{"allow":["GET"]}}],"collection":[{"href":"https:\/\/www.grind-into-powder.com\/es\/wp-json\/wp\/v2\/pages"}],"about":[{"href":"https:\/\/www.grind-into-powder.com\/es\/wp-json\/wp\/v2\/types\/page"}],"author":[{"embeddable":true,"href":"https:\/\/www.grind-into-powder.com\/es\/wp-json\/wp\/v2\/users\/1"}],"replies":[{"embeddable":true,"href":"https:\/\/www.grind-into-powder.com\/es\/wp-json\/wp\/v2\/comments?post=3"}],"version-history":[{"count":0,"href":"https:\/\/www.grind-into-powder.com\/es\/wp-json\/wp\/v2\/pages\/3\/revisions"}],"wp:attachment":[{"href":"https:\/\/www.grind-into-powder.com\/es\/wp-json\/wp\/v2\/media?parent=3"}],"curies":[{"name":"wp","href":"https:\/\/api.w.org\/{rel}","templated":true}]}}