{"id":676,"date":"2023-05-31T15:42:50","date_gmt":"2023-05-31T07:42:50","guid":{"rendered":"https:\/\/www.grind-into-powder.com\/?page_id=676"},"modified":"2023-06-14T11:05:32","modified_gmt":"2023-06-14T03:05:32","slug":"news","status":"publish","type":"page","link":"https:\/\/www.grind-into-powder.com\/fr\/nouvelles\/","title":{"rendered":"Actualit\u00e9s"},"content":{"rendered":"<div data-elementor-type=\"wp-page\" data-elementor-id=\"676\" class=\"elementor elementor-676\" data-elementor-post-type=\"page\">\n\t\t\t\t\t\t\t\t\t<section class=\"elementor-section elementor-top-section elementor-element elementor-element-c9fbae1 elementor-section-boxed elementor-section-height-default elementor-section-height-default\" data-id=\"c9fbae1\" data-element_type=\"section\" data-settings=\"{&quot;background_background&quot;:&quot;classic&quot;}\">\n\t\t\t\t\t\t\t<div class=\"elementor-background-overlay\"><\/div>\n\t\t\t\t\t\t\t<div class=\"elementor-container elementor-column-gap-default\">\n\t\t\t\t\t<div class=\"elementor-column elementor-col-100 elementor-top-column elementor-element elementor-element-27c743e\" data-id=\"27c743e\" data-element_type=\"column\">\n\t\t\t<div class=\"elementor-widget-wrap elementor-element-populated\">\n\t\t\t\t\t\t\t\t<div class=\"elementor-element elementor-element-d3e438c elementor-widget elementor-widget-heading\" data-id=\"d3e438c\" data-element_type=\"widget\" data-widget_type=\"heading.default\">\n\t\t\t\t<div class=\"elementor-widget-container\">\n\t\t\t<style>\/*! elementor - v3.17.0 - 25-10-2023 *\/\n.elementor-heading-title{padding:0;margin:0;line-height:1}.elementor-widget-heading .elementor-heading-title[class*=elementor-size-]>a{color:inherit;font-size:inherit;line-height:inherit}.elementor-widget-heading .elementor-heading-title.elementor-size-small{font-size:15px}.elementor-widget-heading .elementor-heading-title.elementor-size-medium{font-size:19px}.elementor-widget-heading .elementor-heading-title.elementor-size-large{font-size:29px}.elementor-widget-heading .elementor-heading-title.elementor-size-xl{font-size:39px}.elementor-widget-heading .elementor-heading-title.elementor-size-xxl{font-size:59px}<\/style><h1 class=\"elementor-heading-title elementor-size-default\">Nouvelles de l'entreprise et de l'industrie<\/h1>\t\t<\/div>\n\t\t\t\t<\/div>\n\t\t\t\t\t<\/div>\n\t\t<\/div>\n\t\t\t\t\t\t\t<\/div>\n\t\t<\/section>\n\t\t\t\t<section class=\"elementor-section elementor-top-section elementor-element elementor-element-0bf21c3 elementor-section-boxed elementor-section-height-default elementor-section-height-default\" data-id=\"0bf21c3\" data-element_type=\"section\">\n\t\t\t\t\t\t<div class=\"elementor-container elementor-column-gap-default\">\n\t\t\t\t\t<div class=\"elementor-column elementor-col-100 elementor-top-column elementor-element elementor-element-eabbd26\" data-id=\"eabbd26\" data-element_type=\"column\">\n\t\t\t<div class=\"elementor-widget-wrap elementor-element-populated\">\n\t\t\t\t\t\t\t\t<div class=\"elementor-element elementor-element-3a3cb5b elementor-grid-3 elementor-grid-tablet-2 elementor-grid-mobile-1 elementor-posts--thumbnail-top elementor-widget elementor-widget-posts\" data-id=\"3a3cb5b\" data-element_type=\"widget\" data-settings=\"{&quot;classic_row_gap&quot;:{&quot;unit&quot;:&quot;px&quot;,&quot;size&quot;:40,&quot;sizes&quot;:[]},&quot;pagination_type&quot;:&quot;numbers_and_prev_next&quot;,&quot;classic_columns&quot;:&quot;3&quot;,&quot;classic_columns_tablet&quot;:&quot;2&quot;,&quot;classic_columns_mobile&quot;:&quot;1&quot;,&quot;classic_row_gap_tablet&quot;:{&quot;unit&quot;:&quot;px&quot;,&quot;size&quot;:&quot;&quot;,&quot;sizes&quot;:[]},&quot;classic_row_gap_mobile&quot;:{&quot;unit&quot;:&quot;px&quot;,&quot;size&quot;:&quot;&quot;,&quot;sizes&quot;:[]}}\" data-widget_type=\"posts.classic\">\n\t\t\t\t<div class=\"elementor-widget-container\">\n\t\t\t<link rel=\"stylesheet\" href=\"https:\/\/www.grind-into-powder.com\/wp-content\/plugins\/elementor-pro\/assets\/css\/widget-posts.min.css\">\t\t<div class=\"elementor-posts-container elementor-posts elementor-posts--skin-classic elementor-grid\">\n\t\t\t\t<article class=\"elementor-post elementor-grid-item post-2643 post type-post status-publish format-standard has-post-thumbnail hentry category-news tag-cyclone-separator\">\n\t\t\t\t<a class=\"elementor-post__thumbnail__link\" href=\"https:\/\/www.grind-into-powder.com\/fr\/what-is-a-cyclone-separator-and-what-are-its-advantages-and-disadvantages\/\" tabindex=\"-1\" target=\"&quot;_blank&quot;\">\n\t\t\t<div class=\"elementor-post__thumbnail\"><img decoding=\"async\" width=\"768\" height=\"576\" src=\"https:\/\/www.grind-into-powder.com\/wp-content\/uploads\/2023\/12\/SAM_2646-768x576.jpg\" class=\"attachment-medium_large size-medium_large wp-image-2644\" alt=\"S\u00e9parateur cyclonique\" srcset=\"https:\/\/www.grind-into-powder.com\/wp-content\/uploads\/2023\/12\/SAM_2646-768x576.jpg 768w, https:\/\/www.grind-into-powder.com\/wp-content\/uploads\/2023\/12\/SAM_2646-300x225.jpg 300w, https:\/\/www.grind-into-powder.com\/wp-content\/uploads\/2023\/12\/SAM_2646-1024x768.jpg 1024w, https:\/\/www.grind-into-powder.com\/wp-content\/uploads\/2023\/12\/SAM_2646-1536x1152.jpg 1536w, https:\/\/www.grind-into-powder.com\/wp-content\/uploads\/2023\/12\/SAM_2646-2048x1536.jpg 2048w, https:\/\/www.grind-into-powder.com\/wp-content\/uploads\/2023\/12\/SAM_2646-16x12.jpg 16w, https:\/\/www.grind-into-powder.com\/wp-content\/uploads\/2023\/12\/SAM_2646-600x450.jpg 600w\" sizes=\"(max-width: 768px) 100vw, 768px\" \/><\/div>\n\t\t<\/a>\n\t\t\t\t<div class=\"elementor-post__text\">\n\t\t\t\t<h3 class=\"elementor-post__title\">\n\t\t\t<a href=\"https:\/\/www.grind-into-powder.com\/fr\/what-is-a-cyclone-separator-and-what-are-its-advantages-and-disadvantages\/\" target=\"&quot;_blank&quot;\">\n\t\t\t\tQu'est-ce qu'un s\u00e9parateur cyclonique et quels sont ses avantages et inconv\u00e9nients ?\t\t\t<\/a>\n\t\t<\/h3>\n\t\t\t\t<\/div>\n\t\t\t\t<\/article>\n\t\t\t\t<article class=\"elementor-post elementor-grid-item post-2641 post type-post status-publish format-standard has-post-thumbnail hentry category-news\">\n\t\t\t\t<a class=\"elementor-post__thumbnail__link\" href=\"https:\/\/www.grind-into-powder.com\/fr\/what-is-the-difference-between-jet-mill-and-air-classifier-mill\/\" tabindex=\"-1\" target=\"&quot;_blank&quot;\">\n\t\t\t<div class=\"elementor-post__thumbnail\"><img decoding=\"async\" width=\"600\" height=\"450\" src=\"https:\/\/www.grind-into-powder.com\/wp-content\/uploads\/2023\/09\/MQW-03.webp\" class=\"attachment-medium_large size-medium_large wp-image-1975\" alt=\"Broyeur \u00e0 jet \u00e0 lit fluidis\u00e9 horizontal - MQW\" srcset=\"https:\/\/www.grind-into-powder.com\/wp-content\/uploads\/2023\/09\/MQW-03.webp 600w, https:\/\/www.grind-into-powder.com\/wp-content\/uploads\/2023\/09\/MQW-03-300x225.webp 300w\" sizes=\"(max-width: 600px) 100vw, 600px\" \/><\/div>\n\t\t<\/a>\n\t\t\t\t<div class=\"elementor-post__text\">\n\t\t\t\t<h3 class=\"elementor-post__title\">\n\t\t\t<a href=\"https:\/\/www.grind-into-powder.com\/fr\/what-is-the-difference-between-jet-mill-and-air-classifier-mill\/\" target=\"&quot;_blank&quot;\">\n\t\t\t\tQuelle est la diff\u00e9rence entre un broyeur \u00e0 jet et un broyeur \u00e0 air ?\t\t\t<\/a>\n\t\t<\/h3>\n\t\t\t\t<\/div>\n\t\t\t\t<\/article>\n\t\t\t\t<article class=\"elementor-post elementor-grid-item post-2578 post type-post status-publish format-standard has-post-thumbnail hentry category-news tag-calcium-hydroxide\">\n\t\t\t\t<a class=\"elementor-post__thumbnail__link\" href=\"https:\/\/www.grind-into-powder.com\/fr\/mechanical-preparation-method-for-high-specific-surface-area-calcium-hydroxide-production-line\/\" tabindex=\"-1\" target=\"&quot;_blank&quot;\">\n\t\t\t<div class=\"elementor-post__thumbnail\"><img decoding=\"async\" width=\"640\" height=\"640\" src=\"https:\/\/www.grind-into-powder.com\/wp-content\/uploads\/2023\/11\/eaf81a4c510fd9f951a94630a287cf272934a460.webp\" class=\"attachment-medium_large size-medium_large wp-image-2579\" alt=\"hydroxyde de calcium\" srcset=\"https:\/\/www.grind-into-powder.com\/wp-content\/uploads\/2023\/11\/eaf81a4c510fd9f951a94630a287cf272934a460.webp 640w, https:\/\/www.grind-into-powder.com\/wp-content\/uploads\/2023\/11\/eaf81a4c510fd9f951a94630a287cf272934a460-300x300.webp 300w, https:\/\/www.grind-into-powder.com\/wp-content\/uploads\/2023\/11\/eaf81a4c510fd9f951a94630a287cf272934a460-100x100.webp 100w, https:\/\/www.grind-into-powder.com\/wp-content\/uploads\/2023\/11\/eaf81a4c510fd9f951a94630a287cf272934a460-600x600.webp 600w, https:\/\/www.grind-into-powder.com\/wp-content\/uploads\/2023\/11\/eaf81a4c510fd9f951a94630a287cf272934a460-150x150.webp 150w, https:\/\/www.grind-into-powder.com\/wp-content\/uploads\/2023\/11\/eaf81a4c510fd9f951a94630a287cf272934a460-12x12.webp 12w\" sizes=\"(max-width: 640px) 100vw, 640px\" \/><\/div>\n\t\t<\/a>\n\t\t\t\t<div class=\"elementor-post__text\">\n\t\t\t\t<h3 class=\"elementor-post__title\">\n\t\t\t<a href=\"https:\/\/www.grind-into-powder.com\/fr\/mechanical-preparation-method-for-high-specific-surface-area-calcium-hydroxide-production-line\/\" target=\"&quot;_blank&quot;\">\n\t\t\t\tM\u00e9thode de pr\u00e9paration m\u00e9canique pour une ligne de production d'hydroxyde de calcium \u00e0 surface sp\u00e9cifique \u00e9lev\u00e9e\t\t\t<\/a>\n\t\t<\/h3>\n\t\t\t\t<\/div>\n\t\t\t\t<\/article>\n\t\t\t\t<article class=\"elementor-post elementor-grid-item post-2575 post type-post status-publish format-standard has-post-thumbnail hentry category-news tag-calcium-carbonate tag-ring-roller-mill\">\n\t\t\t\t<a class=\"elementor-post__thumbnail__link\" href=\"https:\/\/www.grind-into-powder.com\/fr\/exploring-the-applications-of-ring-roller-mill-in-various-industries-a-promising-future-for-grinding-technology\/\" tabindex=\"-1\" target=\"&quot;_blank&quot;\">\n\t\t\t<div class=\"elementor-post__thumbnail\"><img decoding=\"async\" width=\"768\" height=\"576\" src=\"https:\/\/www.grind-into-powder.com\/wp-content\/uploads\/2023\/11\/IMG_4676-768x576.jpg\" class=\"attachment-medium_large size-medium_large wp-image-2576\" alt=\"Broyeur \u00e0 anneaux\" srcset=\"https:\/\/www.grind-into-powder.com\/wp-content\/uploads\/2023\/11\/IMG_4676-768x576.jpg 768w, https:\/\/www.grind-into-powder.com\/wp-content\/uploads\/2023\/11\/IMG_4676-scaled-600x450.jpg 600w, https:\/\/www.grind-into-powder.com\/wp-content\/uploads\/2023\/11\/IMG_4676-300x225.jpg 300w, https:\/\/www.grind-into-powder.com\/wp-content\/uploads\/2023\/11\/IMG_4676-1024x768.jpg 1024w, https:\/\/www.grind-into-powder.com\/wp-content\/uploads\/2023\/11\/IMG_4676-1536x1152.jpg 1536w, https:\/\/www.grind-into-powder.com\/wp-content\/uploads\/2023\/11\/IMG_4676-2048x1536.jpg 2048w, https:\/\/www.grind-into-powder.com\/wp-content\/uploads\/2023\/11\/IMG_4676-16x12.jpg 16w\" sizes=\"(max-width: 768px) 100vw, 768px\" \/><\/div>\n\t\t<\/a>\n\t\t\t\t<div class=\"elementor-post__text\">\n\t\t\t\t<h3 class=\"elementor-post__title\">\n\t\t\t<a href=\"https:\/\/www.grind-into-powder.com\/fr\/exploring-the-applications-of-ring-roller-mill-in-various-industries-a-promising-future-for-grinding-technology\/\" target=\"&quot;_blank&quot;\">\n\t\t\t\tExploration des applications du broyeur \u00e0 anneaux dans diverses industries : Un avenir prometteur pour la technologie du broyage\t\t\t<\/a>\n\t\t<\/h3>\n\t\t\t\t<\/div>\n\t\t\t\t<\/article>\n\t\t\t\t<article class=\"elementor-post elementor-grid-item post-2558 post type-post status-publish format-standard has-post-thumbnail hentry category-news tag-ball-mill tag-calcium-carbonate tag-ball-mill-and-air-classifier-production-system\">\n\t\t\t\t<a class=\"elementor-post__thumbnail__link\" href=\"https:\/\/www.grind-into-powder.com\/fr\/explorer-les-avantages-dune-ligne-de-production-de-classification-de-broyeur-a-boules-de-carbonate-de-calcium\/\" tabindex=\"-1\" target=\"&quot;_blank&quot;\">\n\t\t\t<div class=\"elementor-post__thumbnail\"><img decoding=\"async\" width=\"768\" height=\"576\" src=\"https:\/\/www.grind-into-powder.com\/wp-content\/uploads\/2023\/10\/4-768x576.jpg\" class=\"attachment-medium_large size-medium_large wp-image-2560\" alt=\"\" srcset=\"https:\/\/www.grind-into-powder.com\/wp-content\/uploads\/2023\/10\/4-768x576.jpg 768w, https:\/\/www.grind-into-powder.com\/wp-content\/uploads\/2023\/10\/4-600x450.jpg 600w, https:\/\/www.grind-into-powder.com\/wp-content\/uploads\/2023\/10\/4-300x225.jpg 300w, https:\/\/www.grind-into-powder.com\/wp-content\/uploads\/2023\/10\/4-1024x768.jpg 1024w, https:\/\/www.grind-into-powder.com\/wp-content\/uploads\/2023\/10\/4-1536x1152.jpg 1536w, https:\/\/www.grind-into-powder.com\/wp-content\/uploads\/2023\/10\/4-16x12.jpg 16w, https:\/\/www.grind-into-powder.com\/wp-content\/uploads\/2023\/10\/4.jpg 2048w\" sizes=\"(max-width: 768px) 100vw, 768px\" \/><\/div>\n\t\t<\/a>\n\t\t\t\t<div class=\"elementor-post__text\">\n\t\t\t\t<h3 class=\"elementor-post__title\">\n\t\t\t<a href=\"https:\/\/www.grind-into-powder.com\/fr\/explorer-les-avantages-dune-ligne-de-production-de-classification-de-broyeur-a-boules-de-carbonate-de-calcium\/\" target=\"&quot;_blank&quot;\">\n\t\t\t\tExploration des avantages d'une ligne de production de carbonate de calcium par broyage de billes et classification\t\t\t<\/a>\n\t\t<\/h3>\n\t\t\t\t<\/div>\n\t\t\t\t<\/article>\n\t\t\t\t<article class=\"elementor-post elementor-grid-item post-2555 post type-post status-publish format-standard has-post-thumbnail hentry category-news\">\n\t\t\t\t<a class=\"elementor-post__thumbnail__link\" href=\"https:\/\/www.grind-into-powder.com\/fr\/rendez-vous-30-oct-nov-2-a-moscou-khimia2023-exposition-internationale\/\" tabindex=\"-1\" target=\"&quot;_blank&quot;\">\n\t\t\t<div class=\"elementor-post__thumbnail\"><img decoding=\"async\" width=\"768\" height=\"374\" src=\"https:\/\/www.grind-into-powder.com\/wp-content\/uploads\/2023\/10\/\u5fae\u4fe1\u56fe\u7247_20231030130759-768x374.jpg\" class=\"attachment-medium_large size-medium_large wp-image-2571\" alt=\"KHIMIA 2023\" srcset=\"https:\/\/www.grind-into-powder.com\/wp-content\/uploads\/2023\/10\/\u5fae\u4fe1\u56fe\u7247_20231030130759-768x374.jpg 768w, https:\/\/www.grind-into-powder.com\/wp-content\/uploads\/2023\/10\/\u5fae\u4fe1\u56fe\u7247_20231030130759-600x292.jpg 600w, https:\/\/www.grind-into-powder.com\/wp-content\/uploads\/2023\/10\/\u5fae\u4fe1\u56fe\u7247_20231030130759-300x146.jpg 300w, https:\/\/www.grind-into-powder.com\/wp-content\/uploads\/2023\/10\/\u5fae\u4fe1\u56fe\u7247_20231030130759-18x9.jpg 18w, https:\/\/www.grind-into-powder.com\/wp-content\/uploads\/2023\/10\/\u5fae\u4fe1\u56fe\u7247_20231030130759.jpg 1000w\" sizes=\"(max-width: 768px) 100vw, 768px\" \/><\/div>\n\t\t<\/a>\n\t\t\t\t<div class=\"elementor-post__text\">\n\t\t\t\t<h3 class=\"elementor-post__title\">\n\t\t\t<a href=\"https:\/\/www.grind-into-powder.com\/fr\/rendez-vous-30-oct-nov-2-a-moscou-khimia2023-exposition-internationale\/\" target=\"&quot;_blank&quot;\">\n\t\t\t\tRendez-vous du 30 octobre au 2 novembre \u00e0 Moscou pour l'exposition internationale Khimia'2023\t\t\t<\/a>\n\t\t<\/h3>\n\t\t\t\t<\/div>\n\t\t\t\t<\/article>\n\t\t\t\t<article class=\"elementor-post elementor-grid-item post-2528 post type-post status-publish format-standard has-post-thumbnail hentry category-news tag-air-classifier-mill tag-carbon-black\">\n\t\t\t\t<a class=\"elementor-post__thumbnail__link\" href=\"https:\/\/www.grind-into-powder.com\/fr\/traitement-innovant-du-noir-de-carbone_-lavantage-du-broyeur-classificateur-dair-pulverisateur-ultrafin\/\" tabindex=\"-1\" target=\"&quot;_blank&quot;\">\n\t\t\t<div class=\"elementor-post__thumbnail\"><img decoding=\"async\" width=\"768\" height=\"576\" src=\"https:\/\/www.grind-into-powder.com\/wp-content\/uploads\/2023\/08\/ACM1-768x576.webp\" class=\"attachment-medium_large size-medium_large wp-image-1879\" alt=\"Moulin classificateur \u00e0 air MJW-L\" srcset=\"https:\/\/www.grind-into-powder.com\/wp-content\/uploads\/2023\/08\/ACM1-768x576.webp 768w, https:\/\/www.grind-into-powder.com\/wp-content\/uploads\/2023\/08\/ACM1-600x450.webp 600w, https:\/\/www.grind-into-powder.com\/wp-content\/uploads\/2023\/08\/ACM1-300x225.webp 300w, https:\/\/www.grind-into-powder.com\/wp-content\/uploads\/2023\/08\/ACM1.webp 800w\" sizes=\"(max-width: 768px) 100vw, 768px\" \/><\/div>\n\t\t<\/a>\n\t\t\t\t<div class=\"elementor-post__text\">\n\t\t\t\t<h3 class=\"elementor-post__title\">\n\t\t\t<a href=\"https:\/\/www.grind-into-powder.com\/fr\/traitement-innovant-du-noir-de-carbone_-lavantage-du-broyeur-classificateur-dair-pulverisateur-ultrafin\/\" target=\"&quot;_blank&quot;\">\n\t\t\t\tInnovating Carbon Black Processing_ The Ultrafine Pulverizer-Air Classifier Mill Advantage (L'avantage du pulv\u00e9risateur ultrafin et du broyeur \u00e0 air)\t\t\t<\/a>\n\t\t<\/h3>\n\t\t\t\t<\/div>\n\t\t\t\t<\/article>\n\t\t\t\t<article class=\"elementor-post elementor-grid-item post-2507 post type-post status-publish format-standard has-post-thumbnail hentry category-news tag-air-classifier-mill\">\n\t\t\t\t<a class=\"elementor-post__thumbnail__link\" href=\"https:\/\/www.grind-into-powder.com\/fr\/comment-fonctionne-le-classificateur-dair\/\" tabindex=\"-1\" target=\"&quot;_blank&quot;\">\n\t\t\t<div class=\"elementor-post__thumbnail\"><img decoding=\"async\" width=\"768\" height=\"576\" src=\"https:\/\/www.grind-into-powder.com\/wp-content\/uploads\/2023\/08\/ACM1-768x576.webp\" class=\"attachment-medium_large size-medium_large wp-image-1879\" alt=\"Moulin classificateur \u00e0 air MJW-L\" srcset=\"https:\/\/www.grind-into-powder.com\/wp-content\/uploads\/2023\/08\/ACM1-768x576.webp 768w, https:\/\/www.grind-into-powder.com\/wp-content\/uploads\/2023\/08\/ACM1-600x450.webp 600w, https:\/\/www.grind-into-powder.com\/wp-content\/uploads\/2023\/08\/ACM1-300x225.webp 300w, https:\/\/www.grind-into-powder.com\/wp-content\/uploads\/2023\/08\/ACM1.webp 800w\" sizes=\"(max-width: 768px) 100vw, 768px\" \/><\/div>\n\t\t<\/a>\n\t\t\t\t<div class=\"elementor-post__text\">\n\t\t\t\t<h3 class=\"elementor-post__title\">\n\t\t\t<a href=\"https:\/\/www.grind-into-powder.com\/fr\/comment-fonctionne-le-classificateur-dair\/\" target=\"&quot;_blank&quot;\">\n\t\t\t\tFonctionnement du broyeur \u00e0 air comprim\u00e9\t\t\t<\/a>\n\t\t<\/h3>\n\t\t\t\t<\/div>\n\t\t\t\t<\/article>\n\t\t\t\t<article class=\"elementor-post elementor-grid-item post-2499 post type-post status-publish format-standard has-post-thumbnail hentry category-news tag-jet-mill tag-ultra-fine-grinder\">\n\t\t\t\t<a class=\"elementor-post__thumbnail__link\" href=\"https:\/\/www.grind-into-powder.com\/fr\/comprenez-vous-le-jet-mill\/\" tabindex=\"-1\" target=\"&quot;_blank&quot;\">\n\t\t\t<div class=\"elementor-post__thumbnail\"><img decoding=\"async\" width=\"768\" height=\"576\" src=\"https:\/\/www.grind-into-powder.com\/wp-content\/uploads\/2023\/09\/QQ\u56fe\u724720151218225258-768x576.jpg\" class=\"attachment-medium_large size-medium_large wp-image-2500\" alt=\"broyeur \u00e0 jet\" srcset=\"https:\/\/www.grind-into-powder.com\/wp-content\/uploads\/2023\/09\/QQ\u56fe\u724720151218225258-768x576.jpg 768w, https:\/\/www.grind-into-powder.com\/wp-content\/uploads\/2023\/09\/QQ\u56fe\u724720151218225258-600x450.jpg 600w, https:\/\/www.grind-into-powder.com\/wp-content\/uploads\/2023\/09\/QQ\u56fe\u724720151218225258-300x225.jpg 300w, https:\/\/www.grind-into-powder.com\/wp-content\/uploads\/2023\/09\/QQ\u56fe\u724720151218225258-16x12.jpg 16w, https:\/\/www.grind-into-powder.com\/wp-content\/uploads\/2023\/09\/QQ\u56fe\u724720151218225258.jpg 960w\" sizes=\"(max-width: 768px) 100vw, 768px\" \/><\/div>\n\t\t<\/a>\n\t\t\t\t<div class=\"elementor-post__text\">\n\t\t\t\t<h3 class=\"elementor-post__title\">\n\t\t\t<a href=\"https:\/\/www.grind-into-powder.com\/fr\/comprenez-vous-le-jet-mill\/\" target=\"&quot;_blank&quot;\">\n\t\t\t\tComprenez-vous ce qu'est un moulin \u00e0 r\u00e9action ?\t\t\t<\/a>\n\t\t<\/h3>\n\t\t\t\t<\/div>\n\t\t\t\t<\/article>\n\t\t\t\t<\/div>\n\t\t\n\t\t\t\t<div class=\"e-load-more-anchor\" data-page=\"1\" data-max-page=\"3\" data-next-page=\"https:\/\/www.grind-into-powder.com\/fr\/wp-json\/wp\/v2\/pages\/676\/page\/2\/\"><\/div>\n\t\t\t\t<nav class=\"elementor-pagination\" aria-label=\"Pagination\">\n\t\t\t<span class=\"page-numbers prev\">\" Pr\u00e9c\u00e9dent<\/span>\n<span aria-current=\"page\" class=\"page-numbers current\"><span class=\"elementor-screen-only\">Page<\/span>1<\/span>\n<a class=\"page-numbers\" href=\"https:\/\/www.grind-into-powder.com\/fr\/wp-json\/wp\/v2\/pages\/676\/page\/2\/\"><span class=\"elementor-screen-only\">Page<\/span>2<\/a>\n<a class=\"page-numbers\" href=\"https:\/\/www.grind-into-powder.com\/fr\/wp-json\/wp\/v2\/pages\/676\/page\/3\/\"><span class=\"elementor-screen-only\">Page<\/span>3<\/a>\n<a class=\"page-numbers next\" href=\"https:\/\/www.grind-into-powder.com\/fr\/wp-json\/wp\/v2\/pages\/676\/page\/2\/\">Suivant \"<\/a>\t\t<\/nav>\n\t\t\t\t<\/div>\n\t\t\t\t<\/div>\n\t\t\t\t\t<\/div>\n\t\t<\/div>\n\t\t\t\t\t\t\t<\/div>\n\t\t<\/section>\n\t\t\t\t\t\t\t<\/div>","protected":false},"excerpt":{"rendered":"<p>Nouvelles de l'entreprise et de l'industrie<\/p>","protected":false},"author":1,"featured_media":0,"parent":0,"menu_order":0,"comment_status":"closed","ping_status":"closed","template":"","meta":{"footnotes":""},"class_list":["post-676","page","type-page","status-publish","hentry"],"_links":{"self":[{"href":"https:\/\/www.grind-into-powder.com\/fr\/wp-json\/wp\/v2\/pages\/676","targetHints":{"allow":["GET"]}}],"collection":[{"href":"https:\/\/www.grind-into-powder.com\/fr\/wp-json\/wp\/v2\/pages"}],"about":[{"href":"https:\/\/www.grind-into-powder.com\/fr\/wp-json\/wp\/v2\/types\/page"}],"author":[{"embeddable":true,"href":"https:\/\/www.grind-into-powder.com\/fr\/wp-json\/wp\/v2\/users\/1"}],"replies":[{"embeddable":true,"href":"https:\/\/www.grind-into-powder.com\/fr\/wp-json\/wp\/v2\/comments?post=676"}],"version-history":[{"count":0,"href":"https:\/\/www.grind-into-powder.com\/fr\/wp-json\/wp\/v2\/pages\/676\/revisions"}],"wp:attachment":[{"href":"https:\/\/www.grind-into-powder.com\/fr\/wp-json\/wp\/v2\/media?parent=676"}],"curies":[{"name":"wp","href":"https:\/\/api.w.org\/{rel}","templated":true}]}}