{"id":3,"date":"2023-05-04T16:19:18","date_gmt":"2023-05-04T08:19:18","guid":{"rendered":"https:\/\/www.grind-into-powder.com\/?page_id=3"},"modified":"2023-06-20T10:30:54","modified_gmt":"2023-06-20T02:30:54","slug":"privacy-policy","status":"publish","type":"page","link":"https:\/\/www.grind-into-powder.com\/pt\/politica-de-privacidade\/","title":{"rendered":"Pol\u00edtica de privacidade"},"content":{"rendered":"<div data-elementor-type=\"wp-page\" data-elementor-id=\"3\" class=\"elementor elementor-3\" data-elementor-post-type=\"page\">\n\t\t\t\t\t\t\t\t\t<section class=\"elementor-section elementor-top-section elementor-element elementor-element-3ffce5a7 elementor-section-boxed elementor-section-height-default elementor-section-height-default\" data-id=\"3ffce5a7\" data-element_type=\"section\">\n\t\t\t\t\t\t<div class=\"elementor-container elementor-column-gap-default\">\n\t\t\t\t\t<div class=\"elementor-column elementor-col-100 elementor-top-column elementor-element elementor-element-5f8c55b6\" data-id=\"5f8c55b6\" data-element_type=\"column\">\n\t\t\t<div class=\"elementor-widget-wrap elementor-element-populated\">\n\t\t\t\t\t\t\t\t<div class=\"elementor-element elementor-element-21172fd7 elementor-widget elementor-widget-text-editor\" data-id=\"21172fd7\" data-element_type=\"widget\" data-widget_type=\"text-editor.default\">\n\t\t\t\t<div class=\"elementor-widget-container\">\n\t\t\t<style>\/*! elementor - v3.17.0 - 25-10-2023 *\/\n.elementor-widget-text-editor.elementor-drop-cap-view-stacked .elementor-drop-cap{background-color:#69727d;color:#fff}.elementor-widget-text-editor.elementor-drop-cap-view-framed .elementor-drop-cap{color:#69727d;border:3px solid;background-color:transparent}.elementor-widget-text-editor:not(.elementor-drop-cap-view-default) .elementor-drop-cap{margin-top:8px}.elementor-widget-text-editor:not(.elementor-drop-cap-view-default) .elementor-drop-cap-letter{width:1em;height:1em}.elementor-widget-text-editor .elementor-drop-cap{float:left;text-align:center;line-height:1;font-size:50px}.elementor-widget-text-editor .elementor-drop-cap-letter{display:inline-block}<\/style>\t\t\t\t<div class=\"post-title-wrapper\">\n<h1 class=\"post-title\">Pol\u00edtica de privacidade<\/h1>\n<\/div>\n<div class=\"article-body\">\n<p>Esta Aplica\u00e7\u00e3o recolhe alguns Dados Pessoais dos seus Utilizadores.<\/p>\n<h2>Tipos de dados recolhidos<\/h2>\n<p>Entre os tipos de Dados Pessoais que esta Aplica\u00e7\u00e3o recolhe, por si pr\u00f3pria ou atrav\u00e9s de terceiros, encontram-se: nome pr\u00f3prio, apelido, endere\u00e7o de correio eletr\u00f3nico, nome de utilizador, v\u00e1rios tipos de Dados, Cookies e Dados de Utiliza\u00e7\u00e3o. Os detalhes completos sobre cada tipo de Dados Pessoais recolhidos s\u00e3o fornecidos nas sec\u00e7\u00f5es dedicadas da presente pol\u00edtica de privacidade ou atrav\u00e9s de textos explicativos espec\u00edficos apresentados antes da recolha de Dados.<br \/>Os Dados Pessoais podem ser fornecidos livremente pelo Utilizador ou, no caso dos Dados de Utiliza\u00e7\u00e3o, recolhidos automaticamente durante a utiliza\u00e7\u00e3o desta Aplica\u00e7\u00e3o.<br \/>Salvo indica\u00e7\u00e3o em contr\u00e1rio, todos os Dados solicitados por esta Aplica\u00e7\u00e3o s\u00e3o obrigat\u00f3rios e o n\u00e3o fornecimento destes Dados pode impossibilitar esta Aplica\u00e7\u00e3o de fornecer os seus servi\u00e7os. Nos casos em que esta Aplica\u00e7\u00e3o indique especificamente que alguns Dados n\u00e3o s\u00e3o obrigat\u00f3rios, os Utilizadores s\u00e3o livres de n\u00e3o comunicar esses Dados sem consequ\u00eancias para a disponibilidade ou o funcionamento do Servi\u00e7o.<br \/>Os Utilizadores que n\u00e3o tenham a certeza de quais os Dados Pessoais obrigat\u00f3rios podem contactar o Propriet\u00e1rio.<br \/>Qualquer uso de Cookies - ou de outras ferramentas de rastreamento - por este Aplicativo ou pelos propriet\u00e1rios de servi\u00e7os de terceiros usados por este Aplicativo serve ao prop\u00f3sito de fornecer o Servi\u00e7o requerido pelo Usu\u00e1rio, al\u00e9m de quaisquer outros prop\u00f3sitos descritos no presente documento e na Pol\u00edtica de Cookies, se dispon\u00edvel. Os Utilizadores s\u00e3o respons\u00e1veis por quaisquer Dados Pessoais de terceiros obtidos, publicados ou partilhados atrav\u00e9s desta Aplica\u00e7\u00e3o e confirmam que t\u00eam o consentimento do terceiro para fornecer os Dados ao Propriet\u00e1rio.<\/p>\n<h2>Modo e local de tratamento dos dados<\/h2>\n<h3>M\u00e9todos de tratamento<\/h3>\n<p>O Propriet\u00e1rio toma medidas de seguran\u00e7a adequadas para impedir o acesso n\u00e3o autorizado, a divulga\u00e7\u00e3o, a modifica\u00e7\u00e3o ou a destrui\u00e7\u00e3o n\u00e3o autorizada dos Dados.<br \/>O tratamento dos Dados \u00e9 efectuado atrav\u00e9s de computadores e\/ou ferramentas inform\u00e1ticas, seguindo procedimentos e modos organizacionais estritamente relacionados com as finalidades indicadas. Al\u00e9m do Propriet\u00e1rio, em alguns casos, os Dados podem ser acess\u00edveis a certos tipos de pessoas respons\u00e1veis, envolvidas com a opera\u00e7\u00e3o deste Aplicativo (administra\u00e7\u00e3o, vendas, marketing, jur\u00eddico, administra\u00e7\u00e3o do sistema) ou partes externas (como provedores de servi\u00e7os t\u00e9cnicos terceirizados, transportadores de correio, provedores de hospedagem, empresas de TI, ag\u00eancias de comunica\u00e7\u00e3o) nomeados, se necess\u00e1rio, como Processadores de Dados pelo Propriet\u00e1rio. A lista actualizada destas partes pode ser solicitada ao Propriet\u00e1rio a qualquer momento.<\/p>\n<h3>Base jur\u00eddica do tratamento<\/h3>\n<p>O Propriet\u00e1rio pode processar Dados Pessoais relativos aos Utilizadores se uma das seguintes situa\u00e7\u00f5es se aplicar: Os Utilizadores deram o seu consentimento para uma ou mais finalidades espec\u00edficas. Nota: Ao abrigo de algumas legisla\u00e7\u00f5es, o Propriet\u00e1rio pode ser autorizado a processar Dados Pessoais at\u00e9 que o Utilizador se oponha a tal processamento (\"opt-out\"), sem ter de se basear no consentimento ou em qualquer outra das seguintes bases legais. Isto, no entanto, n\u00e3o se aplica, sempre que o processamento de Dados Pessoais estiver sujeito \u00e0 lei europeia de prote\u00e7\u00e3o de dados; o fornecimento de Dados for necess\u00e1rio para a execu\u00e7\u00e3o de um contrato com o Utilizador e\/ou para quaisquer obriga\u00e7\u00f5es pr\u00e9-contratuais do mesmo; o processamento for necess\u00e1rio para o cumprimento de uma obriga\u00e7\u00e3o legal a que o Propriet\u00e1rio esteja sujeito; o processamento estiver relacionado com uma tarefa que seja realizada no interesse p\u00fablico ou no exerc\u00edcio da autoridade oficial investida no Propriet\u00e1rio; o processamento for necess\u00e1rio para os fins dos interesses leg\u00edtimos prosseguidos pelo Propriet\u00e1rio ou por um terceiro. Em qualquer caso, o Propriet\u00e1rio ter\u00e1 todo o prazer em ajudar a esclarecer a base jur\u00eddica espec\u00edfica que se aplica ao processamento e, em particular, se o fornecimento de Dados Pessoais \u00e9 um requisito estatut\u00e1rio ou contratual, ou um requisito necess\u00e1rio para celebrar um contrato.<\/p>\n<h3>Local<\/h3>\n<p>Os Dados s\u00e3o processados nos escrit\u00f3rios operacionais do Propriet\u00e1rio e em quaisquer outros locais onde as partes envolvidas no processamento estejam localizadas.<\/p>\n<p>Dependendo da localiza\u00e7\u00e3o do Utilizador, as transfer\u00eancias de dados podem envolver a transfer\u00eancia dos Dados do Utilizador para um pa\u00eds diferente do seu. Para saber mais sobre o local de processamento de tais Dados transferidos, os Utilizadores podem verificar a sec\u00e7\u00e3o que cont\u00e9m detalhes sobre o processamento de Dados Pessoais. Os Utilizadores tamb\u00e9m t\u00eam o direito de aprender sobre a base jur\u00eddica das transfer\u00eancias de Dados para um pa\u00eds fora da Uni\u00e3o Europeia ou para qualquer organiza\u00e7\u00e3o internacional regida pelo direito internacional p\u00fablico ou estabelecida por dois ou mais pa\u00edses, como a ONU, e sobre as medidas de seguran\u00e7a tomadas pelo Propriet\u00e1rio para proteger os seus Dados.<\/p>\n<p>Se tal transfer\u00eancia ocorrer, os Utilizadores podem obter mais informa\u00e7\u00f5es consultando as sec\u00e7\u00f5es relevantes deste documento ou informando-se junto do Propriet\u00e1rio utilizando as informa\u00e7\u00f5es fornecidas na sec\u00e7\u00e3o de contactos.<\/p>\n<h3>Tempo de reten\u00e7\u00e3o<\/h3>\n<p>Os dados pessoais ser\u00e3o processados e armazenados durante o tempo exigido pela finalidade para a qual foram recolhidos. Por conseguinte: Os Dados Pessoais recolhidos para fins relacionados com a execu\u00e7\u00e3o de um contrato entre o Propriet\u00e1rio e o Utilizador ser\u00e3o conservados at\u00e9 que tal contrato tenha sido totalmente executado. Os Dados Pessoais recolhidos para as finalidades dos interesses leg\u00edtimos do Propriet\u00e1rio ser\u00e3o conservados durante o tempo necess\u00e1rio para cumprir tais finalidades. Os Utilizadores podem encontrar informa\u00e7\u00f5es espec\u00edficas sobre os interesses leg\u00edtimos perseguidos pelo Propriet\u00e1rio nas sec\u00e7\u00f5es relevantes deste documento ou entrando em contacto com o Propriet\u00e1rio. O Propriet\u00e1rio poder\u00e1 ser autorizado a conservar os Dados Pessoais por um per\u00edodo mais longo sempre que o Utilizador tiver dado o seu consentimento para tal processamento, desde que tal consentimento n\u00e3o seja retirado. Al\u00e9m disso, o Propriet\u00e1rio pode ser obrigado a reter os Dados Pessoais por um per\u00edodo mais longo sempre que for necess\u00e1rio para o cumprimento de uma obriga\u00e7\u00e3o legal ou mediante ordem de uma autoridade.<\/p>\n<p>Uma vez expirado o per\u00edodo de reten\u00e7\u00e3o, os Dados Pessoais ser\u00e3o eliminados. Por conseguinte, o direito de acesso, o direito de apagamento, o direito de retifica\u00e7\u00e3o e o direito de portabilidade dos dados n\u00e3o podem ser aplicados ap\u00f3s a expira\u00e7\u00e3o do per\u00edodo de conserva\u00e7\u00e3o.<\/p>\n<h2>Objectivos do tratamento<\/h2>\n<p>Os Dados relativos ao Utilizador s\u00e3o recolhidos para permitir que o Propriet\u00e1rio forne\u00e7a os seus Servi\u00e7os, bem como para as seguintes finalidades: Gerir pedidos de suporte e contacto, Contactar o Utilizador, Registo e autentica\u00e7\u00e3o, Otimiza\u00e7\u00e3o e distribui\u00e7\u00e3o de tr\u00e1fego, Exibir conte\u00fado de plataformas externas, An\u00e1lises e Gerir contactos e enviar mensagens. Os Utilizadores podem encontrar mais informa\u00e7\u00f5es detalhadas sobre essas finalidades de processamento e sobre os Dados Pessoais espec\u00edficos utilizados para cada finalidade nas respectivas sec\u00e7\u00f5es do presente documento.<\/p>\n<h2>Informa\u00e7\u00f5es pormenorizadas sobre o tratamento de dados pessoais<\/h2>\n<p>Os dados pessoais s\u00e3o recolhidos para os seguintes fins e utilizando os seguintes servi\u00e7os:<\/p>\n<h3>Anal\u00edtica<\/h3>\n<p>Os servi\u00e7os contidos nesta sec\u00e7\u00e3o permitem ao Propriet\u00e1rio monitorizar e analisar o tr\u00e1fego da Web e podem ser utilizados para acompanhar o comportamento do Utilizador.<\/p>\n<h4>Google Analytics (Google Inc.)<\/h4>\n<p>O Google Analytics \u00e9 um servi\u00e7o de an\u00e1lise da Web fornecido pela Google Inc. (\"Google\"). A Google utiliza os Dados recolhidos para seguir e examinar a utiliza\u00e7\u00e3o desta Aplica\u00e7\u00e3o, para preparar relat\u00f3rios sobre as suas actividades e partilh\u00e1-los com outros servi\u00e7os da Google.<br \/>A Google pode utilizar os Dados recolhidos para contextualizar e personalizar os an\u00fancios da sua pr\u00f3pria rede de publicidade. Dados pessoais recolhidos: Cookies e dados de utiliza\u00e7\u00e3o. Local de processamento: EUA -\u00a0<a href=\"https:\/\/www.google.com\/intl\/en\/policies\/privacy\/\" target=\"_blank\" rel=\"noopener noreferrer\">Pol\u00edtica de privacidade<\/a>\u00a0-\u00a0<a href=\"https:\/\/tools.google.com\/dlpage\/gaoptout?hl=en\" target=\"_blank\" rel=\"noopener\">N\u00e3o participar<\/a>.<\/p>\n<h3>Contactar o utilizador<\/h3>\n<h4>Formul\u00e1rio de contacto<\/h4>\n<p>Ao preencher o formul\u00e1rio de contacto com os seus Dados, o Utilizador autoriza esta Aplica\u00e7\u00e3o a utilizar estes dados para responder a pedidos de informa\u00e7\u00e3o, or\u00e7amentos ou qualquer outro tipo de pedido, tal como indicado no cabe\u00e7alho do formul\u00e1rio. Dados pessoais recolhidos: endere\u00e7o de correio eletr\u00f3nico, nome pr\u00f3prio e apelido.<\/p>\n<h4>Lista de correio eletr\u00f3nico ou boletim informativo<\/h4>\n<p>Ao inscrever-se na lista de distribui\u00e7\u00e3o ou no boletim informativo, o endere\u00e7o de correio eletr\u00f3nico do Utilizador ser\u00e1 adicionado \u00e0 lista de contactos das pessoas que podem receber mensagens de correio eletr\u00f3nico com informa\u00e7\u00f5es de natureza comercial ou promocional relativas a esta Aplica\u00e7\u00e3o. O endere\u00e7o de correio eletr\u00f3nico do Utilizador pode tamb\u00e9m ser adicionado a esta lista como resultado da sua inscri\u00e7\u00e3o nesta Aplica\u00e7\u00e3o ou ap\u00f3s ter efectuado uma compra. Dados pessoais recolhidos: endere\u00e7o de correio eletr\u00f3nico.<\/p>\n<h3>Visualizar conte\u00fados de plataformas externas<\/h3>\n<p>Este tipo de servi\u00e7o permite-lhe visualizar conte\u00fados alojados em plataformas externas diretamente a partir das p\u00e1ginas desta Aplica\u00e7\u00e3o e interagir com eles.<br \/>Este tipo de servi\u00e7o pode ainda recolher dados de tr\u00e1fego web para as p\u00e1ginas onde o servi\u00e7o est\u00e1 instalado, mesmo quando os Utilizadores n\u00e3o o utilizam.<\/p>\n<h3>Gerir contactos e enviar mensagens<\/h3>\n<p>Este tipo de servi\u00e7o permite gerir uma base de dados de contactos de e-mail, contactos telef\u00f3nicos ou qualquer outra informa\u00e7\u00e3o de contacto para comunicar com o Utilizador.<br \/>Estes servi\u00e7os podem tamb\u00e9m recolher dados relativos \u00e0 data e hora em que a mensagem foi visualizada pelo Utilizador, bem como quando o Utilizador interagiu com a mesma, por exemplo, clicando em liga\u00e7\u00f5es inclu\u00eddas na mensagem.<\/p>\n<h3>Gerir os pedidos de apoio e de contacto<\/h3>\n<p>Este tipo de servi\u00e7o permite a esta Aplica\u00e7\u00e3o gerir os pedidos de apoio e de contacto recebidos por correio eletr\u00f3nico ou por outros meios, como o formul\u00e1rio de contacto.<br \/>Os dados pessoais tratados dependem das informa\u00e7\u00f5es fornecidas pelo Utilizador nas mensagens e dos meios utilizados para a comunica\u00e7\u00e3o (por exemplo, endere\u00e7o de correio eletr\u00f3nico).<\/p>\n<h4>Registo direto (esta candidatura)<\/h4>\n<p>O Utilizador regista-se preenchendo o formul\u00e1rio de registo e fornecendo os Dados Pessoais diretamente a esta Aplica\u00e7\u00e3o. Dados Pessoais recolhidos: endere\u00e7o de e-mail, nome de utilizador e v\u00e1rios tipos de Dados.<\/p>\n<h3>Otimiza\u00e7\u00e3o e distribui\u00e7\u00e3o do tr\u00e1fego<\/h3>\n<p>Este tipo de servi\u00e7o permite a esta Aplica\u00e7\u00e3o distribuir os seus conte\u00fados atrav\u00e9s de servidores localizados em diferentes pa\u00edses e otimizar o seu desempenho.<br \/>O tratamento dos Dados Pessoais depende das caracter\u00edsticas e da forma como estes servi\u00e7os s\u00e3o implementados. A sua fun\u00e7\u00e3o \u00e9 filtrar as comunica\u00e7\u00f5es entre esta Aplica\u00e7\u00e3o e o navegador do Utilizador.<br \/>Tendo em conta a distribui\u00e7\u00e3o generalizada deste sistema, \u00e9 dif\u00edcil determinar os locais para onde s\u00e3o transferidos os conte\u00fados que podem conter informa\u00e7\u00f5es pessoais do Utilizador.<\/p>\n<h2>Mais informa\u00e7\u00f5es sobre dados pessoais<\/h2>\n<h2>Os direitos dos utilizadores<\/h2>\n<p>Os Utilizadores podem exercer certos direitos em rela\u00e7\u00e3o aos seus Dados processados pelo Propriet\u00e1rio. Em particular, os Utilizadores t\u00eam o direito de fazer o seguinte:\u00a0<strong>Retirar o seu consentimento em qualquer altura.<\/strong>\u00a0Os utilizadores t\u00eam o direito de retirar o consentimento, caso tenham previamente dado o seu consentimento para o processamento dos seus dados pessoais.\u00a0<strong>Opor-se ao tratamento dos seus dados.<\/strong>\u00a0Os utilizadores t\u00eam o direito de se opor ao tratamento dos seus Dados se o tratamento for efectuado com base numa base jur\u00eddica que n\u00e3o seja o consentimento. S\u00e3o fornecidos mais detalhes na sec\u00e7\u00e3o espec\u00edfica abaixo.\u00a0<strong>Aceder aos seus dados.<\/strong>\u00a0Os Utilizadores t\u00eam o direito de saber se os Dados est\u00e3o a ser processados pelo Propriet\u00e1rio, obter informa\u00e7\u00f5es sobre determinados aspectos do processamento e obter uma c\u00f3pia dos Dados em processamento.\u00a0<strong>Verificar e procurar retificar.<\/strong>\u00a0Os utilizadores t\u00eam o direito de verificar a exatid\u00e3o dos seus dados e de solicitar a sua atualiza\u00e7\u00e3o ou corre\u00e7\u00e3o.\u00a0<strong>Restringir o tratamento dos seus dados.<\/strong>\u00a0Os Utilizadores t\u00eam o direito, sob certas circunst\u00e2ncias, de restringir o processamento dos seus Dados. Neste caso, o Propriet\u00e1rio n\u00e3o processar\u00e1 os seus Dados para qualquer outra finalidade que n\u00e3o seja o seu armazenamento.\u00a0<strong>Obter a elimina\u00e7\u00e3o ou remo\u00e7\u00e3o dos seus dados pessoais.<\/strong>\u00a0Os Utilizadores t\u00eam o direito, em determinadas circunst\u00e2ncias, de obter do Propriet\u00e1rio o apagamento dos seus Dados.\u00a0<strong>Receber os seus dados e transferi-los para outro respons\u00e1vel pelo tratamento.<\/strong>\u00a0Os Utilizadores t\u00eam o direito de receber os seus Dados num formato estruturado, de uso corrente e de leitura \u00f3tica e, se for tecnicamente poss\u00edvel, de os transmitir a outro respons\u00e1vel pelo tratamento sem qualquer impedimento. Esta disposi\u00e7\u00e3o \u00e9 aplic\u00e1vel desde que os Dados sejam processados por meios automatizados e que o processamento se baseie no consentimento do Utilizador, num contrato do qual o Utilizador \u00e9 parte ou em obriga\u00e7\u00f5es pr\u00e9-contratuais do mesmo.\u00a0<strong>Apresentar uma queixa.<\/strong>\u00a0Os utilizadores t\u00eam o direito de apresentar uma reclama\u00e7\u00e3o \u00e0 autoridade competente em mat\u00e9ria de prote\u00e7\u00e3o de dados.<\/p>\n<h3>Informa\u00e7\u00f5es sobre o direito de oposi\u00e7\u00e3o ao tratamento<\/h3>\n<p>Quando os Dados Pessoais forem processados por um interesse p\u00fablico, no exerc\u00edcio de uma autoridade oficial investida no Propriet\u00e1rio ou para os fins dos interesses leg\u00edtimos perseguidos pelo Propriet\u00e1rio, os Utilizadores podem opor-se a tal processamento fornecendo um motivo relacionado com a sua situa\u00e7\u00e3o particular para justificar a obje\u00e7\u00e3o. Os Utilizadores devem saber que, no entanto, se os seus Dados Pessoais forem processados para fins de marketing direto, eles podem opor-se a esse processamento a qualquer momento sem fornecer qualquer justifica\u00e7\u00e3o. Para saber se o Propriet\u00e1rio est\u00e1 a processar os Dados Pessoais para fins de marketing direto, os Utilizadores podem consultar as sec\u00e7\u00f5es relevantes deste documento.<\/p>\n<h3>Como exercer estes direitos<\/h3>\n<p>Qualquer pedido de exerc\u00edcio dos direitos do Utilizador pode ser dirigido ao Propriet\u00e1rio atrav\u00e9s dos dados de contacto indicados neste documento. Estes pedidos podem ser exercidos gratuitamente e ser\u00e3o tratados pelo Propriet\u00e1rio o mais cedo poss\u00edvel e sempre no prazo de um m\u00eas.<\/p>\n<h2>Pol\u00edtica de cookies<\/h2>\n<p>Esta aplica\u00e7\u00e3o utiliza cookies.<\/p>\n<h2>Informa\u00e7\u00f5es adicionais sobre a recolha e o tratamento de dados<\/h2>\n<h3>A\u00e7\u00e3o judicial<\/h3>\n<p>Os Dados Pessoais do Utilizador podem ser utilizados para fins legais pelo Propriet\u00e1rio em Tribunal ou nas fases conducentes a poss\u00edveis ac\u00e7\u00f5es legais decorrentes da utiliza\u00e7\u00e3o indevida desta Aplica\u00e7\u00e3o ou dos Servi\u00e7os relacionados.<br \/>O Utilizador declara estar ciente de que o Propriet\u00e1rio pode ser obrigado a revelar dados pessoais a pedido das autoridades p\u00fablicas.<\/p>\n<h3>Informa\u00e7\u00f5es adicionais sobre os dados pessoais do utilizador<\/h3>\n<p>Para al\u00e9m das informa\u00e7\u00f5es contidas nesta pol\u00edtica de privacidade, esta Aplica\u00e7\u00e3o pode fornecer ao Utilizador informa\u00e7\u00f5es adicionais e contextuais relativas a Servi\u00e7os espec\u00edficos ou \u00e0 recolha e tratamento de Dados Pessoais, mediante pedido.<\/p>\n<h3>Registos e manuten\u00e7\u00e3o do sistema<\/h3>\n<p>Para fins de opera\u00e7\u00e3o e manuten\u00e7\u00e3o, esta Aplica\u00e7\u00e3o e quaisquer servi\u00e7os de terceiros podem recolher ficheiros que registam a intera\u00e7\u00e3o com esta Aplica\u00e7\u00e3o (registos do sistema) e utilizar outros Dados Pessoais (como o Endere\u00e7o IP) para este fim.<\/p>\n<h3>Informa\u00e7\u00f5es n\u00e3o inclu\u00eddas na presente pol\u00edtica<\/h3>\n<p>Mais detalhes sobre a recolha ou processamento de Dados Pessoais podem ser solicitados ao Propriet\u00e1rio a qualquer momento. Por favor, consulte as informa\u00e7\u00f5es de contacto no in\u00edcio deste documento.<\/p>\n<h3>Como s\u00e3o tratados os pedidos de \"N\u00e3o rastrear\"<\/h3>\n<p>Esta aplica\u00e7\u00e3o n\u00e3o suporta pedidos de \"N\u00e3o seguir\".<br \/>Para determinar se algum dos servi\u00e7os de terceiros que utiliza cumpre os pedidos de \"N\u00e3o seguir\", leia as respectivas pol\u00edticas de privacidade.<\/p>\n<h3>Altera\u00e7\u00f5es a esta pol\u00edtica de privacidade<\/h3>\n<p>O Propriet\u00e1rio reserva-se o direito de fazer altera\u00e7\u00f5es a esta pol\u00edtica de privacidade a qualquer momento, avisando os seus Utilizadores nesta p\u00e1gina e possivelmente dentro desta Aplica\u00e7\u00e3o e\/ou - na medida em que seja t\u00e9cnica e legalmente vi\u00e1vel - enviando um aviso aos Utilizadores atrav\u00e9s de qualquer informa\u00e7\u00e3o de contacto dispon\u00edvel para o Propriet\u00e1rio. Recomenda-se vivamente que verifique esta p\u00e1gina com frequ\u00eancia, consultando a data da \u00faltima modifica\u00e7\u00e3o indicada na parte inferior. Se um Utilizador se opuser a qualquer uma das altera\u00e7\u00f5es da Pol\u00edtica, o Utilizador deve deixar de usar este Aplicativo e pode solicitar que o Propriet\u00e1rio remova os Dados Pessoais. Salvo indica\u00e7\u00e3o em contr\u00e1rio, a pol\u00edtica de privacidade ent\u00e3o vigente aplica-se a todos os Dados Pessoais que o Propriet\u00e1rio possui sobre os Utilizadores.<\/p>\n<h3>Defini\u00e7\u00f5es e refer\u00eancias jur\u00eddicas<\/h3>\n<h4>Dados pessoais (ou dados)<\/h4>\n<p>Qualquer informa\u00e7\u00e3o que direta, indiretamente ou em liga\u00e7\u00e3o com outras informa\u00e7\u00f5es - incluindo um n\u00famero de identifica\u00e7\u00e3o pessoal - permita a identifica\u00e7\u00e3o ou identificabilidade de uma pessoa singular.<\/p>\n<h4>Dados de utiliza\u00e7\u00e3o<\/h4>\n<p>), o pa\u00eds de origem, as caracter\u00edsticas do programa de navega\u00e7\u00e3o e o sistema operativo utilizado pelo Utilizador, os v\u00e1rios detalhes de tempo por visita (por exemplo o tempo passado em cada p\u00e1gina da aplica\u00e7\u00e3o) e os detalhes sobre o caminho seguido na aplica\u00e7\u00e3o, com especial refer\u00eancia \u00e0 sequ\u00eancia das p\u00e1ginas visitadas, e outros par\u00e2metros sobre o sistema operativo do dispositivo e\/ou o ambiente inform\u00e1tico do utilizador.<\/p>\n<h4>Utilizador<\/h4>\n<p>A pessoa que utiliza esta Aplica\u00e7\u00e3o que, salvo indica\u00e7\u00e3o em contr\u00e1rio, coincide com o Titular dos Dados.<\/p>\n<h4>Titular dos dados<\/h4>\n<p>A pessoa singular a quem os dados pessoais se referem.<\/p>\n<h4>Processador de dados (ou supervisor de dados)<\/h4>\n<p>A pessoa singular ou colectiva, autoridade p\u00fablica, ag\u00eancia ou outro organismo que processa os Dados Pessoais em nome do Respons\u00e1vel pelo Tratamento, conforme descrito na presente pol\u00edtica de privacidade.<\/p>\n<h4>Controlador de dados (ou propriet\u00e1rio)<\/h4>\n<p>A pessoa singular ou colectiva, autoridade p\u00fablica, ag\u00eancia ou outro organismo que, individualmente ou em conjunto com outros, determina as finalidades e os meios de tratamento dos Dados Pessoais, incluindo as medidas de seguran\u00e7a relativas ao funcionamento e \u00e0 utiliza\u00e7\u00e3o desta Aplica\u00e7\u00e3o. O Controlador de Dados, salvo indica\u00e7\u00e3o em contr\u00e1rio, \u00e9 o Propriet\u00e1rio desta Aplica\u00e7\u00e3o.<\/p>\n<h4>Esta aplica\u00e7\u00e3o<\/h4>\n<p>Os meios pelos quais os Dados Pessoais do Utilizador s\u00e3o recolhidos e processados.<\/p>\n<h4>Servi\u00e7o<\/h4>\n<p>O servi\u00e7o fornecido por esta Aplica\u00e7\u00e3o, tal como descrito nas condi\u00e7\u00f5es relativas (se dispon\u00edveis) e neste s\u00edtio\/aplica\u00e7\u00e3o.<\/p>\n<h4>Uni\u00e3o Europeia (ou UE)<\/h4>\n<p>Salvo indica\u00e7\u00e3o em contr\u00e1rio, todas as refer\u00eancias feitas no presente documento \u00e0 Uni\u00e3o Europeia incluem todos os actuais Estados-Membros da Uni\u00e3o Europeia e do Espa\u00e7o Econ\u00f3mico Europeu.<\/p>\n<h4>Biscoitos<\/h4>\n<p>Pequenos conjuntos de dados armazenados no dispositivo do utilizador.<\/p>\n<h4>Informa\u00e7\u00e3o jur\u00eddica<\/h4>\n<p>Esta declara\u00e7\u00e3o de privacidade foi preparada com base nas disposi\u00e7\u00f5es de v\u00e1rias legisla\u00e7\u00f5es, incluindo o Art. 13\/14 do Regulamento (UE) 2016\/679 (Regulamento Geral sobre a Prote\u00e7\u00e3o de Dados). A presente pol\u00edtica de privacidade refere-se exclusivamente a esta Aplica\u00e7\u00e3o, salvo indica\u00e7\u00e3o em contr\u00e1rio no presente documento.<\/p>\n<p>\u00daltima atualiza\u00e7\u00e3o: 9 de maio de 2018<\/p>\n<\/div>\t\t\t\t\t\t<\/div>\n\t\t\t\t<\/div>\n\t\t\t\t\t<\/div>\n\t\t<\/div>\n\t\t\t\t\t\t\t<\/div>\n\t\t<\/section>\n\t\t\t\t\t\t\t<\/div>","protected":false},"excerpt":{"rendered":"<p>Pol\u00edtica de Privacidade Esta Aplica\u00e7\u00e3o recolhe alguns Dados Pessoais dos seus Utilizadores. Tipos de Dados recolhidos Entre os tipos de Dados Pessoais que esta Aplica\u00e7\u00e3o recolhe, por si pr\u00f3pria ou atrav\u00e9s de terceiros, encontram-se: nome pr\u00f3prio, apelido, endere\u00e7o de e-mail, nome de utilizador, v\u00e1rios tipos de Dados, Cookies e Dados de Utiliza\u00e7\u00e3o. Detalhes completos sobre cada tipo de Dados Pessoais [...]<\/p>","protected":false},"author":1,"featured_media":0,"parent":0,"menu_order":0,"comment_status":"closed","ping_status":"open","template":"","meta":{"footnotes":""},"class_list":["post-3","page","type-page","status-publish","hentry"],"_links":{"self":[{"href":"https:\/\/www.grind-into-powder.com\/pt\/wp-json\/wp\/v2\/pages\/3","targetHints":{"allow":["GET"]}}],"collection":[{"href":"https:\/\/www.grind-into-powder.com\/pt\/wp-json\/wp\/v2\/pages"}],"about":[{"href":"https:\/\/www.grind-into-powder.com\/pt\/wp-json\/wp\/v2\/types\/page"}],"author":[{"embeddable":true,"href":"https:\/\/www.grind-into-powder.com\/pt\/wp-json\/wp\/v2\/users\/1"}],"replies":[{"embeddable":true,"href":"https:\/\/www.grind-into-powder.com\/pt\/wp-json\/wp\/v2\/comments?post=3"}],"version-history":[{"count":0,"href":"https:\/\/www.grind-into-powder.com\/pt\/wp-json\/wp\/v2\/pages\/3\/revisions"}],"wp:attachment":[{"href":"https:\/\/www.grind-into-powder.com\/pt\/wp-json\/wp\/v2\/media?parent=3"}],"curies":[{"name":"wp","href":"https:\/\/api.w.org\/{rel}","templated":true}]}}